{"id":1618,"date":"2019-08-09T17:29:40","date_gmt":"2019-08-09T15:29:40","guid":{"rendered":"https:\/\/www.yellowstone-productions.com\/impressum\/"},"modified":"2023-06-14T11:28:27","modified_gmt":"2023-06-14T09:28:27","slug":"impressum","status":"publish","type":"page","link":"https:\/\/yellowstone-productions.com\/en\/impressum\/","title":{"rendered":"Imprint"},"content":{"rendered":"<p>Yellowstone Productions GmbH<\/p>\n<p>Andernacher Stra\u00dfe 3<\/p>\n<p>50968 K\u00f6ln<\/p>\n<p>Tel.: +49 221 96447-176<br \/>\nFax: +49 221 96447-144<\/p>\n<p>E-Mail: <a href=\"mailto:info@yellowstone-productions.com\">info@yellowstone-productions.com<\/a><\/p>\n<p>Vertretungsberechtigter Gesch\u00e4ftsf\u00fchrer: Geronimo Beckers<\/p>\n<p>Sitz der Gesellschaft: K\u00f6ln<\/p>\n<p>Amtsgericht K\u00f6ln \u00b7 HRB 112373<\/p>\n<p>USt.-ID.-Nr. DE356430763<\/p>\n<p>Steuer-Nr.: 219\/5841\/4467<\/p>\n<p>Verantwortlich i.S.d. \u00a7 18 MStV:<\/p>\n<p>Geronimo Beckers, Andernacher Stra\u00dfe 3, 50968 K\u00f6ln<\/p>\n","protected":false},"excerpt":{"rendered":"Yellowstone Productions GmbH Andernacher Stra\u00dfe 3 50968 K\u00f6ln Tel.: +49 221 96447-176 Fax: +49 221 96447-144 E-Mail: info@yellowstone-productions.com Vertretungsberechtigter Gesch\u00e4ftsf\u00fchrer: Geronimo Beckers Sitz der Gesellschaft: K\u00f6ln Amtsgericht K\u00f6ln \u00b7 HRB 112373 USt.-ID.-Nr. DE356430763 Steuer-Nr.: 219\/5841\/4467 Verantwortlich i.S.d. \u00a7 18 MStV: Geronimo Beckers, Andernacher Stra\u00dfe 3, 50968 K\u00f6ln","protected":false},"author":1,"featured_media":0,"parent":0,"menu_order":0,"comment_status":"closed","ping_status":"closed","template":"","meta":{"pgc_sgb_lightbox_settings":""},"acf":[],"yoast_head":"<!-- This site is optimized with the Yoast SEO plugin v20.4 - https:\/\/yoast.com\/wordpress\/plugins\/seo\/ -->\n<title>Imprint - Yellowstone Productions<\/title>\n<meta name=\"robots\" content=\"index, follow, max-snippet:-1, max-image-preview:large, max-video-preview:-1\" \/>\n<link rel=\"canonical\" href=\"https:\/\/yellowstone-productions.com\/en\/impressum\/\" \/>\n<meta property=\"og:locale\" content=\"en_US\" \/>\n<meta property=\"og:type\" content=\"article\" \/>\n<meta property=\"og:title\" content=\"Imprint - Yellowstone Productions\" \/>\n<meta property=\"og:description\" content=\"Yellowstone Productions GmbH Andernacher Stra\u00dfe 3 50968 K\u00f6ln Tel.: +49 221 96447-176 Fax: +49 221 96447-144 E-Mail: info@yellowstone-productions.com Vertretungsberechtigter Gesch\u00e4ftsf\u00fchrer: Geronimo Beckers Sitz der Gesellschaft: K\u00f6ln Amtsgericht K\u00f6ln \u00b7 HRB 112373 USt.-ID.-Nr. DE356430763 Steuer-Nr.: 219\/5841\/4467 Verantwortlich i.S.d. \u00a7 18 MStV: Geronimo Beckers, Andernacher Stra\u00dfe 3, 50968 K\u00f6ln\" \/>\n<meta property=\"og:url\" content=\"https:\/\/yellowstone-productions.com\/en\/impressum\/\" \/>\n<meta property=\"og:site_name\" content=\"Yellowstone Productions\" \/>\n<meta property=\"article:modified_time\" content=\"2023-06-14T09:28:27+00:00\" \/>\n<meta name=\"twitter:card\" content=\"summary_large_image\" \/>\n<meta name=\"twitter:label1\" content=\"Est. reading time\" \/>\n\t<meta name=\"twitter:data1\" content=\"1 minute\" \/>\n<script type=\"application\/ld+json\" class=\"yoast-schema-graph\">{\"@context\":\"https:\/\/schema.org\",\"@graph\":[{\"@type\":\"WebPage\",\"@id\":\"https:\/\/yellowstone-productions.com\/en\/impressum\/\",\"url\":\"https:\/\/yellowstone-productions.com\/en\/impressum\/\",\"name\":\"Imprint - Yellowstone Productions\",\"isPartOf\":{\"@id\":\"https:\/\/yellowstone-productions.com\/en\/#website\"},\"datePublished\":\"2019-08-09T15:29:40+00:00\",\"dateModified\":\"2023-06-14T09:28:27+00:00\",\"breadcrumb\":{\"@id\":\"https:\/\/yellowstone-productions.com\/en\/impressum\/#breadcrumb\"},\"inLanguage\":\"en-US\",\"potentialAction\":[{\"@type\":\"ReadAction\",\"target\":[\"https:\/\/yellowstone-productions.com\/en\/impressum\/\"]}]},{\"@type\":\"BreadcrumbList\",\"@id\":\"https:\/\/yellowstone-productions.com\/en\/impressum\/#breadcrumb\",\"itemListElement\":[{\"@type\":\"ListItem\",\"position\":1,\"name\":\"Startseite\",\"item\":\"https:\/\/yellowstone-productions.com\/en\/\"},{\"@type\":\"ListItem\",\"position\":2,\"name\":\"Imprint\"}]},{\"@type\":\"WebSite\",\"@id\":\"https:\/\/yellowstone-productions.com\/en\/#website\",\"url\":\"https:\/\/yellowstone-productions.com\/en\/\",\"name\":\"Yellowstone Productions\",\"description\":\"Film &amp; TV Produktion\",\"potentialAction\":[{\"@type\":\"SearchAction\",\"target\":{\"@type\":\"EntryPoint\",\"urlTemplate\":\"https:\/\/yellowstone-productions.com\/en\/?s={search_term_string}\"},\"query-input\":\"required name=search_term_string\"}],\"inLanguage\":\"en-US\"}]}<\/script>\n<!-- \/ Yoast SEO plugin. -->","yoast_head_json":{"title":"Imprint - Yellowstone Productions","robots":{"index":"index","follow":"follow","max-snippet":"max-snippet:-1","max-image-preview":"max-image-preview:large","max-video-preview":"max-video-preview:-1"},"canonical":"https:\/\/yellowstone-productions.com\/en\/impressum\/","og_locale":"en_US","og_type":"article","og_title":"Imprint - Yellowstone Productions","og_description":"Yellowstone Productions GmbH Andernacher Stra\u00dfe 3 50968 K\u00f6ln Tel.: +49 221 96447-176 Fax: +49 221 96447-144 E-Mail: info@yellowstone-productions.com Vertretungsberechtigter Gesch\u00e4ftsf\u00fchrer: Geronimo Beckers Sitz der Gesellschaft: K\u00f6ln Amtsgericht K\u00f6ln \u00b7 HRB 112373 USt.-ID.-Nr. DE356430763 Steuer-Nr.: 219\/5841\/4467 Verantwortlich i.S.d. \u00a7 18 MStV: Geronimo Beckers, Andernacher Stra\u00dfe 3, 50968 K\u00f6ln","og_url":"https:\/\/yellowstone-productions.com\/en\/impressum\/","og_site_name":"Yellowstone Productions","article_modified_time":"2023-06-14T09:28:27+00:00","twitter_card":"summary_large_image","twitter_misc":{"Est. reading time":"1 minute"},"schema":{"@context":"https:\/\/schema.org","@graph":[{"@type":"WebPage","@id":"https:\/\/yellowstone-productions.com\/en\/impressum\/","url":"https:\/\/yellowstone-productions.com\/en\/impressum\/","name":"Imprint - Yellowstone Productions","isPartOf":{"@id":"https:\/\/yellowstone-productions.com\/en\/#website"},"datePublished":"2019-08-09T15:29:40+00:00","dateModified":"2023-06-14T09:28:27+00:00","breadcrumb":{"@id":"https:\/\/yellowstone-productions.com\/en\/impressum\/#breadcrumb"},"inLanguage":"en-US","potentialAction":[{"@type":"ReadAction","target":["https:\/\/yellowstone-productions.com\/en\/impressum\/"]}]},{"@type":"BreadcrumbList","@id":"https:\/\/yellowstone-productions.com\/en\/impressum\/#breadcrumb","itemListElement":[{"@type":"ListItem","position":1,"name":"Startseite","item":"https:\/\/yellowstone-productions.com\/en\/"},{"@type":"ListItem","position":2,"name":"Imprint"}]},{"@type":"WebSite","@id":"https:\/\/yellowstone-productions.com\/en\/#website","url":"https:\/\/yellowstone-productions.com\/en\/","name":"Yellowstone Productions","description":"Film &amp; TV Produktion","potentialAction":[{"@type":"SearchAction","target":{"@type":"EntryPoint","urlTemplate":"https:\/\/yellowstone-productions.com\/en\/?s={search_term_string}"},"query-input":"required name=search_term_string"}],"inLanguage":"en-US"}]}},"uagb_featured_image_src":{"full":false,"thumbnail":false,"medium":false,"medium_large":false,"large":false,"1536x1536":false,"2048x2048":false,"small":false,"custom-size":false},"uagb_author_info":{"display_name":"admin","author_link":"https:\/\/yellowstone-productions.com\/en\/author\/admin\/"},"uagb_comment_info":0,"uagb_excerpt":"Yellowstone Productions GmbH Andernacher Stra\u00dfe 3 50968 K\u00f6ln Tel.: +49 221 96447-176 Fax: +49 221 96447-144 E-Mail: info@yellowstone-productions.com Vertretungsberechtigter Gesch\u00e4ftsf\u00fchrer: Geronimo Beckers Sitz der Gesellschaft: K\u00f6ln Amtsgericht K\u00f6ln \u00b7 HRB 112373 USt.-ID.-Nr. DE356430763 Steuer-Nr.: 219\/5841\/4467 Verantwortlich i.S.d. \u00a7 18 MStV: Geronimo Beckers, Andernacher Stra\u00dfe 3, 50968 K\u00f6ln","_links":{"self":[{"href":"https:\/\/yellowstone-productions.com\/en\/wp-json\/wp\/v2\/pages\/1618"}],"collection":[{"href":"https:\/\/yellowstone-productions.com\/en\/wp-json\/wp\/v2\/pages"}],"about":[{"href":"https:\/\/yellowstone-productions.com\/en\/wp-json\/wp\/v2\/types\/page"}],"author":[{"embeddable":true,"href":"https:\/\/yellowstone-productions.com\/en\/wp-json\/wp\/v2\/users\/1"}],"replies":[{"embeddable":true,"href":"https:\/\/yellowstone-productions.com\/en\/wp-json\/wp\/v2\/comments?post=1618"}],"version-history":[{"count":2,"href":"https:\/\/yellowstone-productions.com\/en\/wp-json\/wp\/v2\/pages\/1618\/revisions"}],"predecessor-version":[{"id":4563,"href":"https:\/\/yellowstone-productions.com\/en\/wp-json\/wp\/v2\/pages\/1618\/revisions\/4563"}],"wp:attachment":[{"href":"https:\/\/yellowstone-productions.com\/en\/wp-json\/wp\/v2\/media?parent=1618"}],"curies":[{"name":"wp","href":"https:\/\/api.w.org\/{rel}","templated":true}]}}