{"id":1613,"date":"2019-08-09T17:10:22","date_gmt":"2019-08-09T15:10:22","guid":{"rendered":"https:\/\/www.yellowstone-productions.com\/home-2\/"},"modified":"2023-07-24T23:09:18","modified_gmt":"2023-07-24T21:09:18","slug":"home","status":"publish","type":"page","link":"https:\/\/yellowstone-productions.com\/en\/","title":{"rendered":"Home"},"content":{"rendered":"\n<figure class=\"wp-block-video\"><video autoplay loop muted preload=\"auto\" src=\"https:\/\/yellowstone-productions.com\/wp-content\/uploads\/2023\/05\/GBD_CitySpecial_Opener_Bumper_Loop.mp4\" playsinline><\/video><\/figure>\n\n\n\n<div class=\"wp-block-group about is-layout-flow\"><div class=\"wp-block-group__inner-container\">\n<h1 class=\"wp-block-heading highlight\"><a href=\"https:\/\/yellowstone-productions.com\/en\/produktionen\/goodbye-deutschland-city-specials\/\">Goodbye Deutschland &#8211; City Specials<\/a><\/h1>\n\n\n\n<p>In CITY SPECIALS we take an exciting look at German expatriates who have found their new home in the metropolises of the world. We want to know what life in the famous cities is really like and surprise you with unexpected and unusual stories and people! Coming soon on VOX.<\/p>\n<\/div><\/div>\n\n\n\n<figure class=\"wp-block-video\">\n\t<div class=\"video-mask\">\n\t\t<video autoplay=\"\" loop=\"\" muted=\"\" poster=\"\" playsinline=\"\" src=\"https:\/\/yellowstone-productions.com\/wp-content\/uploads\/2023\/06\/HG_INDIKATIV_LOOP.mp4\">\n\t\t<\/video>\n\t<\/div>\n\t<figcaption>\n\t\t<a href=\"https:\/\/yellowstone-productions.com\/en\/produktionen\/herr-gloockler-sucht-das-gluck\/\">\n\t\t\t<h2>Herr Gl\u00f6\u00f6ckler sucht das Gl\u00fcck! <\/h2>\n\t\t<\/a>\n\t\t<div>\n\t\t\t<p>Since his move from Kirchheim to Berlin, Harald Gl\u00f6\u00f6ckler&#8217;s life has been in a state of great change, both professionally and privately! We accompany the &#8220;Prince Pomp\u00f6\u00f6s&#8221; on his way to a new life &#8211; between fear of loss and a new beginning! New episodes coming soon on RTLZWEI.<\/p>\n\t\t<\/div>\n\t<\/figcaption>\n<\/figure>\n\n\n<figure class=\"wp-block-video\">\n\t<div class=\"video-mask\">\n\t\t<video autoplay=\"\" loop=\"\" muted=\"\" poster=\"\" playsinline=\"\" src=\"https:\/\/yellowstone-productions.com\/wp-content\/uploads\/2023\/04\/DIE-WOLLNYS_INDIKATIV_WEBSITE-YS.mp4\">\n\t\t<\/video>\n\t<\/div>\n\t<figcaption>\n\t\t<a href=\"https:\/\/yellowstone-productions.com\/en\/produktionen\/die-wollnys-eine-schrecklich-grose-familie\/\">\n\t\t\t<h2>Die Wollnys \u2013 eine schrecklich gro\u00dfe Familie <\/h2>\n\t\t<\/a>\n\t\t<div>\n\t\t\t<p>There&#8217;s always something going on with the Wollnys! In the meantime, elf mother Silvia Wollny lives with her partner Harald Elsenbast in Turkey and in Ratheim in North Rhine-Westphalia in a three-generation house &#8211; with children, sons-in-law and grandchildren! The head of the family, Silvia Wollny, always tries to keep her rascals, who are constantly growing, together. Coming soon to RTLZWEI.<\/p>\n\t\t<\/div>\n\t<\/figcaption>\n<\/figure>\n\n\n<figure class=\"wp-block-video\">\n\t<div class=\"video-mask\">\n\t\t<video autoplay=\"\" loop=\"\" muted=\"\" poster=\"\" playsinline=\"\" src=\"https:\/\/yellowstone-productions.com\/wp-content\/uploads\/2023\/04\/GBD_OKSANAS-WELT_VOX-Opener.mp4\">\n\t\t<\/video>\n\t<\/div>\n\t<figcaption>\n\t\t<a href=\"https:\/\/yellowstone-productions.com\/en\/produktionen\/goodbye-deutschland-oksanas-welt\/\">\n\t\t\t<h2>Goodbye Deutschland &#8211; Oksanas Welt<\/h2>\n\t\t<\/a>\n\t\t<div>\n\t\t\t<p>For Oksana Kolenitchenko, there are plenty of new challenges in her new adopted home of Las Vegas. TV reality star and singer Oksana will do anything to keep her family safe. Will she find a foothold in Las Vegas? Coming soon to VOX.<\/p>\n\t\t<\/div>\n\t<\/figcaption>\n<\/figure>\n\n\n\t\t\t<div class=\"uagb-post-grid full-width uagb-post__image-position-top uagb-block-aad26288   \" data-total=\"1\">\n\n\t\t\t\t<div class=\"uagb-post__items uagb-post__columns-4 is-grid uagb-post__columns-tablet-2 uagb-post__columns-mobile-1 uagb-post__equal-height\">\n\n\t\t\t\t\t\t\t\t<article >\n\t\t\t\t\t\t\t\t\t\t<div class=\"uagb-post__inner-wrap\">\n\t\t\t\t\t\t\t\t\t\t\t\t\t\t\t<div class='uagb-post__image'>\n\t\t\t\t<a href=\"https:\/\/yellowstone-productions.com\/en\/produktionen\/vips-only-mit-dem-jetset-um-die-welt\/\" target=\"_self\" rel=\"bookmark noopener noreferrer\"><img width=\"600\" height=\"320\" src=\"https:\/\/yellowstone-productions.com\/wp-content\/uploads\/2023\/09\/vips_600x320.jpg\" class=\"attachment-large size-large\" alt=\"\" decoding=\"async\" loading=\"lazy\" srcset=\"https:\/\/yellowstone-productions.com\/wp-content\/uploads\/2023\/09\/vips_600x320.jpg 600w, https:\/\/yellowstone-productions.com\/wp-content\/uploads\/2023\/09\/vips_600x320-250x133.jpg 250w, https:\/\/yellowstone-productions.com\/wp-content\/uploads\/2023\/09\/vips_600x320-120x64.jpg 120w\" sizes=\"(max-width: 600px) 100vw, 600px\" \/>\t\t\t\t<\/a>\n\t\t\t<\/div>\n\t\t\t\t\t\t<div class='uagb-post__text'> \n\t\t\t<div class=\"uagb-post-grid-byline\">\n\t\t\t\t\t\t\t<\/div>\n\t\t\t<\/div>\n\t\t\t\t\t\t<div class='uagb-post__text'> \n\t\t\t\t<div class=\"uagb-post__cta\">\n\t\t\t\t\t<a class=\"uagb-post__link uagb-text-link\" href=\"https:\/\/yellowstone-productions.com\/en\/produktionen\/vips-only-mit-dem-jetset-um-die-welt\/\" target=\"_self\" rel=\"bookmark noopener noreferrer\">Read More<\/a>\n\t\t\t\t<\/div>\n\t\t\t<\/div>\n\t\t\t\t\t\t\t\t<\/div>\n\t\t\t\t\t\t\t\t\t<\/article>\n\n\t\t\t\t\t\t\t\t<article >\n\t\t\t\t\t\t\t\t\t\t<div class=\"uagb-post__inner-wrap\">\n\t\t\t\t\t\t\t\t\t\t\t\t\t\t\t<div class='uagb-post__image'>\n\t\t\t\t<a href=\"https:\/\/yellowstone-productions.com\/en\/produktionen\/goodbye-deutschland-oksanas-welt\/\" target=\"_self\" rel=\"bookmark noopener noreferrer\"><img width=\"600\" height=\"320\" src=\"https:\/\/yellowstone-productions.com\/wp-content\/uploads\/2022\/09\/oskana600x320.jpg\" class=\"attachment-large size-large\" alt=\"\" decoding=\"async\" loading=\"lazy\" srcset=\"https:\/\/yellowstone-productions.com\/wp-content\/uploads\/2022\/09\/oskana600x320.jpg 600w, https:\/\/yellowstone-productions.com\/wp-content\/uploads\/2022\/09\/oskana600x320-250x133.jpg 250w, https:\/\/yellowstone-productions.com\/wp-content\/uploads\/2022\/09\/oskana600x320-120x64.jpg 120w\" sizes=\"(max-width: 600px) 100vw, 600px\" \/>\t\t\t\t<\/a>\n\t\t\t<\/div>\n\t\t\t\t\t\t<div class='uagb-post__text'> \n\t\t\t<div class=\"uagb-post-grid-byline\">\n\t\t\t\t\t\t\t<\/div>\n\t\t\t<\/div>\n\t\t\t\t\t\t<div class='uagb-post__text'> \n\t\t\t\t<div class=\"uagb-post__cta\">\n\t\t\t\t\t<a class=\"uagb-post__link uagb-text-link\" href=\"https:\/\/yellowstone-productions.com\/en\/produktionen\/goodbye-deutschland-oksanas-welt\/\" target=\"_self\" rel=\"bookmark noopener noreferrer\">Read More<\/a>\n\t\t\t\t<\/div>\n\t\t\t<\/div>\n\t\t\t\t\t\t\t\t<\/div>\n\t\t\t\t\t\t\t\t\t<\/article>\n\n\t\t\t\t\t\t\t\t<article >\n\t\t\t\t\t\t\t\t\t\t<div class=\"uagb-post__inner-wrap\">\n\t\t\t\t\t\t\t\t\t\t\t\t\t\t\t<div class='uagb-post__image'>\n\t\t\t\t<a href=\"https:\/\/yellowstone-productions.com\/en\/produktionen\/herr-gloockler-sucht-das-gluck\/\" target=\"_self\" rel=\"bookmark noopener noreferrer\"><img width=\"600\" height=\"320\" src=\"https:\/\/yellowstone-productions.com\/wp-content\/uploads\/2023\/02\/gloockler600x320.jpg\" class=\"attachment-large size-large\" alt=\"\" decoding=\"async\" loading=\"lazy\" srcset=\"https:\/\/yellowstone-productions.com\/wp-content\/uploads\/2023\/02\/gloockler600x320.jpg 600w, https:\/\/yellowstone-productions.com\/wp-content\/uploads\/2023\/02\/gloockler600x320-250x133.jpg 250w, https:\/\/yellowstone-productions.com\/wp-content\/uploads\/2023\/02\/gloockler600x320-120x64.jpg 120w\" sizes=\"(max-width: 600px) 100vw, 600px\" \/>\t\t\t\t<\/a>\n\t\t\t<\/div>\n\t\t\t\t\t\t<div class='uagb-post__text'> \n\t\t\t<div class=\"uagb-post-grid-byline\">\n\t\t\t\t\t\t\t<\/div>\n\t\t\t<\/div>\n\t\t\t\t\t\t<div class='uagb-post__text'> \n\t\t\t\t<div class=\"uagb-post__cta\">\n\t\t\t\t\t<a class=\"uagb-post__link uagb-text-link\" href=\"https:\/\/yellowstone-productions.com\/en\/produktionen\/herr-gloockler-sucht-das-gluck\/\" target=\"_self\" rel=\"bookmark noopener noreferrer\">Read More<\/a>\n\t\t\t\t<\/div>\n\t\t\t<\/div>\n\t\t\t\t\t\t\t\t<\/div>\n\t\t\t\t\t\t\t\t\t<\/article>\n\n\t\t\t\t\t\t\t\t<article >\n\t\t\t\t\t\t\t\t\t\t<div class=\"uagb-post__inner-wrap\">\n\t\t\t\t\t\t\t\t\t\t\t\t\t\t\t<div class='uagb-post__image'>\n\t\t\t\t<a href=\"https:\/\/yellowstone-productions.com\/en\/produktionen\/die-wollnys-eine-schrecklich-grose-familie\/\" target=\"_self\" rel=\"bookmark noopener noreferrer\"><img width=\"600\" height=\"320\" src=\"https:\/\/yellowstone-productions.com\/wp-content\/uploads\/2022\/09\/wollnys600x320.jpg\" class=\"attachment-large size-large\" alt=\"\" decoding=\"async\" loading=\"lazy\" srcset=\"https:\/\/yellowstone-productions.com\/wp-content\/uploads\/2022\/09\/wollnys600x320.jpg 600w, https:\/\/yellowstone-productions.com\/wp-content\/uploads\/2022\/09\/wollnys600x320-250x133.jpg 250w, https:\/\/yellowstone-productions.com\/wp-content\/uploads\/2022\/09\/wollnys600x320-120x64.jpg 120w\" sizes=\"(max-width: 600px) 100vw, 600px\" \/>\t\t\t\t<\/a>\n\t\t\t<\/div>\n\t\t\t\t\t\t<div class='uagb-post__text'> \n\t\t\t<div class=\"uagb-post-grid-byline\">\n\t\t\t\t\t\t\t<\/div>\n\t\t\t<\/div>\n\t\t\t\t\t\t<div class='uagb-post__text'> \n\t\t\t\t<div class=\"uagb-post__cta\">\n\t\t\t\t\t<a class=\"uagb-post__link uagb-text-link\" href=\"https:\/\/yellowstone-productions.com\/en\/produktionen\/die-wollnys-eine-schrecklich-grose-familie\/\" target=\"_self\" rel=\"bookmark noopener noreferrer\">Read More<\/a>\n\t\t\t\t<\/div>\n\t\t\t<\/div>\n\t\t\t\t\t\t\t\t<\/div>\n\t\t\t\t\t\t\t\t\t<\/article>\n\n\t\t\t\t\t\t\t\t<article >\n\t\t\t\t\t\t\t\t\t\t<div class=\"uagb-post__inner-wrap\">\n\t\t\t\t\t\t\t\t\t\t\t\t\t\t\t<div class='uagb-post__image'>\n\t\t\t\t<a href=\"https:\/\/yellowstone-productions.com\/en\/produktionen\/goodbye-deutschland-city-specials\/\" target=\"_self\" rel=\"bookmark noopener noreferrer\"><img width=\"600\" height=\"320\" src=\"https:\/\/yellowstone-productions.com\/wp-content\/uploads\/2022\/12\/city_specials600x320.jpg\" class=\"attachment-large size-large\" alt=\"\" decoding=\"async\" loading=\"lazy\" srcset=\"https:\/\/yellowstone-productions.com\/wp-content\/uploads\/2022\/12\/city_specials600x320.jpg 600w, https:\/\/yellowstone-productions.com\/wp-content\/uploads\/2022\/12\/city_specials600x320-250x133.jpg 250w, https:\/\/yellowstone-productions.com\/wp-content\/uploads\/2022\/12\/city_specials600x320-120x64.jpg 120w\" sizes=\"(max-width: 600px) 100vw, 600px\" \/>\t\t\t\t<\/a>\n\t\t\t<\/div>\n\t\t\t\t\t\t<div class='uagb-post__text'> \n\t\t\t<div class=\"uagb-post-grid-byline\">\n\t\t\t\t\t\t\t<\/div>\n\t\t\t<\/div>\n\t\t\t\t\t\t<div class='uagb-post__text'> \n\t\t\t\t<div class=\"uagb-post__cta\">\n\t\t\t\t\t<a class=\"uagb-post__link uagb-text-link\" href=\"https:\/\/yellowstone-productions.com\/en\/produktionen\/goodbye-deutschland-city-specials\/\" target=\"_self\" rel=\"bookmark noopener noreferrer\">Read More<\/a>\n\t\t\t\t<\/div>\n\t\t\t<\/div>\n\t\t\t\t\t\t\t\t<\/div>\n\t\t\t\t\t\t\t\t\t<\/article>\n\n\t\t\t\t\t\t\t\t<\/div>\n\t\t\t\t\t\t\t<\/div>\n\t\t\t\n\n\n<p><\/p>\n","protected":false},"excerpt":{"rendered":"Goodbye Deutschland &#8211; City Specials In CITY SPECIALS we take an exciting look at German expatriates who have found their new home in the metropolises of the world. We want to know what life in the famous cities is really like and surprise you with unexpected and unusual stories and people! Coming soon on VOX.","protected":false},"author":1,"featured_media":0,"parent":0,"menu_order":0,"comment_status":"closed","ping_status":"closed","template":"template-home.php","meta":{"pgc_sgb_lightbox_settings":""},"acf":[],"yoast_head":"<!-- This site is optimized with the Yoast SEO plugin v20.4 - https:\/\/yoast.com\/wordpress\/plugins\/seo\/ -->\n<title>Yellowstone Productions - Film &amp; TV Produktion<\/title>\n<meta name=\"description\" content=\"Fandango \u2013 Film TV Internet Produktions GmbH, Andernacher Stra\u00dfe 3, 50968 K\u00f6ln, Tel.: +49 221 1305070, Fax: +49 221 130507900\" \/>\n<meta name=\"robots\" content=\"index, follow, max-snippet:-1, max-image-preview:large, max-video-preview:-1\" \/>\n<link rel=\"canonical\" href=\"https:\/\/yellowstone-productions.com\/en\/\" \/>\n<meta property=\"og:locale\" content=\"en_US\" \/>\n<meta property=\"og:type\" content=\"article\" \/>\n<meta property=\"og:title\" content=\"Yellowstone Productions - Film &amp; TV Produktion\" \/>\n<meta property=\"og:description\" content=\"Fandango \u2013 Film TV Internet Produktions GmbH, Andernacher Stra\u00dfe 3, 50968 K\u00f6ln, Tel.: +49 221 1305070, Fax: +49 221 130507900\" \/>\n<meta property=\"og:url\" content=\"https:\/\/yellowstone-productions.com\/en\/\" \/>\n<meta property=\"og:site_name\" content=\"Yellowstone Productions\" \/>\n<meta property=\"article:modified_time\" content=\"2023-07-24T21:09:18+00:00\" \/>\n<meta name=\"twitter:card\" content=\"summary_large_image\" \/>\n<meta name=\"twitter:label1\" content=\"Est. reading time\" \/>\n\t<meta name=\"twitter:data1\" content=\"1 minute\" \/>\n<script type=\"application\/ld+json\" class=\"yoast-schema-graph\">{\"@context\":\"https:\/\/schema.org\",\"@graph\":[{\"@type\":\"WebPage\",\"@id\":\"https:\/\/yellowstone-productions.com\/en\/\",\"url\":\"https:\/\/yellowstone-productions.com\/en\/\",\"name\":\"Yellowstone Productions - Film & TV Produktion\",\"isPartOf\":{\"@id\":\"https:\/\/yellowstone-productions.com\/en\/#website\"},\"datePublished\":\"2019-08-09T15:10:22+00:00\",\"dateModified\":\"2023-07-24T21:09:18+00:00\",\"description\":\"Fandango \u2013 Film TV Internet Produktions GmbH, Andernacher Stra\u00dfe 3, 50968 K\u00f6ln, Tel.: +49 221 1305070, Fax: +49 221 130507900\",\"breadcrumb\":{\"@id\":\"https:\/\/yellowstone-productions.com\/en\/#breadcrumb\"},\"inLanguage\":\"en-US\",\"potentialAction\":[{\"@type\":\"ReadAction\",\"target\":[\"https:\/\/yellowstone-productions.com\/en\/\"]}]},{\"@type\":\"BreadcrumbList\",\"@id\":\"https:\/\/yellowstone-productions.com\/en\/#breadcrumb\",\"itemListElement\":[{\"@type\":\"ListItem\",\"position\":1,\"name\":\"Startseite\",\"item\":\"https:\/\/yellowstone-productions.com\/en\/\"},{\"@type\":\"ListItem\",\"position\":2,\"name\":\"Home\"}]},{\"@type\":\"WebSite\",\"@id\":\"https:\/\/yellowstone-productions.com\/en\/#website\",\"url\":\"https:\/\/yellowstone-productions.com\/en\/\",\"name\":\"Yellowstone Productions\",\"description\":\"Film &amp; TV Produktion\",\"potentialAction\":[{\"@type\":\"SearchAction\",\"target\":{\"@type\":\"EntryPoint\",\"urlTemplate\":\"https:\/\/yellowstone-productions.com\/en\/?s={search_term_string}\"},\"query-input\":\"required name=search_term_string\"}],\"inLanguage\":\"en-US\"}]}<\/script>\n<!-- \/ Yoast SEO plugin. -->","yoast_head_json":{"title":"Yellowstone Productions - Film & TV Produktion","description":"Fandango \u2013 Film TV Internet Produktions GmbH, Andernacher Stra\u00dfe 3, 50968 K\u00f6ln, Tel.: +49 221 1305070, Fax: +49 221 130507900","robots":{"index":"index","follow":"follow","max-snippet":"max-snippet:-1","max-image-preview":"max-image-preview:large","max-video-preview":"max-video-preview:-1"},"canonical":"https:\/\/yellowstone-productions.com\/en\/","og_locale":"en_US","og_type":"article","og_title":"Yellowstone Productions - Film & TV Produktion","og_description":"Fandango \u2013 Film TV Internet Produktions GmbH, Andernacher Stra\u00dfe 3, 50968 K\u00f6ln, Tel.: +49 221 1305070, Fax: +49 221 130507900","og_url":"https:\/\/yellowstone-productions.com\/en\/","og_site_name":"Yellowstone Productions","article_modified_time":"2023-07-24T21:09:18+00:00","twitter_card":"summary_large_image","twitter_misc":{"Est. reading time":"1 minute"},"schema":{"@context":"https:\/\/schema.org","@graph":[{"@type":"WebPage","@id":"https:\/\/yellowstone-productions.com\/en\/","url":"https:\/\/yellowstone-productions.com\/en\/","name":"Yellowstone Productions - Film & TV Produktion","isPartOf":{"@id":"https:\/\/yellowstone-productions.com\/en\/#website"},"datePublished":"2019-08-09T15:10:22+00:00","dateModified":"2023-07-24T21:09:18+00:00","description":"Fandango \u2013 Film TV Internet Produktions GmbH, Andernacher Stra\u00dfe 3, 50968 K\u00f6ln, Tel.: +49 221 1305070, Fax: +49 221 130507900","breadcrumb":{"@id":"https:\/\/yellowstone-productions.com\/en\/#breadcrumb"},"inLanguage":"en-US","potentialAction":[{"@type":"ReadAction","target":["https:\/\/yellowstone-productions.com\/en\/"]}]},{"@type":"BreadcrumbList","@id":"https:\/\/yellowstone-productions.com\/en\/#breadcrumb","itemListElement":[{"@type":"ListItem","position":1,"name":"Startseite","item":"https:\/\/yellowstone-productions.com\/en\/"},{"@type":"ListItem","position":2,"name":"Home"}]},{"@type":"WebSite","@id":"https:\/\/yellowstone-productions.com\/en\/#website","url":"https:\/\/yellowstone-productions.com\/en\/","name":"Yellowstone Productions","description":"Film &amp; TV Produktion","potentialAction":[{"@type":"SearchAction","target":{"@type":"EntryPoint","urlTemplate":"https:\/\/yellowstone-productions.com\/en\/?s={search_term_string}"},"query-input":"required name=search_term_string"}],"inLanguage":"en-US"}]}},"uagb_featured_image_src":{"full":false,"thumbnail":false,"medium":false,"medium_large":false,"large":false,"1536x1536":false,"2048x2048":false,"small":false,"custom-size":false},"uagb_author_info":{"display_name":"admin","author_link":"https:\/\/yellowstone-productions.com\/en\/author\/admin\/"},"uagb_comment_info":0,"uagb_excerpt":"Goodbye Deutschland &#8211; City Specials In CITY SPECIALS we take an exciting look at German expatriates who have found their new home in the metropolises of the world. We want to know what life in the famous cities is really like and surprise you with unexpected and unusual stories and people! Coming soon on VOX.","_links":{"self":[{"href":"https:\/\/yellowstone-productions.com\/en\/wp-json\/wp\/v2\/pages\/1613"}],"collection":[{"href":"https:\/\/yellowstone-productions.com\/en\/wp-json\/wp\/v2\/pages"}],"about":[{"href":"https:\/\/yellowstone-productions.com\/en\/wp-json\/wp\/v2\/types\/page"}],"author":[{"embeddable":true,"href":"https:\/\/yellowstone-productions.com\/en\/wp-json\/wp\/v2\/users\/1"}],"replies":[{"embeddable":true,"href":"https:\/\/yellowstone-productions.com\/en\/wp-json\/wp\/v2\/comments?post=1613"}],"version-history":[{"count":75,"href":"https:\/\/yellowstone-productions.com\/en\/wp-json\/wp\/v2\/pages\/1613\/revisions"}],"predecessor-version":[{"id":4587,"href":"https:\/\/yellowstone-productions.com\/en\/wp-json\/wp\/v2\/pages\/1613\/revisions\/4587"}],"wp:attachment":[{"href":"https:\/\/yellowstone-productions.com\/en\/wp-json\/wp\/v2\/media?parent=1613"}],"curies":[{"name":"wp","href":"https:\/\/api.w.org\/{rel}","templated":true}]}}